{"id":106,"date":"2021-06-17T23:28:05","date_gmt":"2021-06-17T21:28:05","guid":{"rendered":"https:\/\/gasglad.se\/varmeteknik\/?page_id=106"},"modified":"2021-06-17T23:32:39","modified_gmt":"2021-06-17T21:32:39","slug":"jydepejsen","status":"publish","type":"page","link":"https:\/\/gasglad.se\/varmeteknik\/jydepejsen\/","title":{"rendered":"Jydepejsen"},"content":{"rendered":"\t\t<div data-elementor-type=\"wp-page\" data-elementor-id=\"106\" class=\"elementor elementor-106\" data-elementor-settings=\"[]\">\n\t\t\t\t\t\t\t<div class=\"elementor-section-wrap\">\n\t\t\t\t\t\t\t<section class=\"elementor-section elementor-top-section elementor-element elementor-element-c3a1010 elementor-section-boxed elementor-section-height-default elementor-section-height-default\" data-id=\"c3a1010\" data-element_type=\"section\">\n\t\t\t\t\t\t<div class=\"elementor-container elementor-column-gap-default\">\n\t\t\t\t\t<div class=\"elementor-column elementor-col-100 elementor-top-column elementor-element elementor-element-c02f782\" data-id=\"c02f782\" data-element_type=\"column\">\n\t\t\t<div class=\"elementor-widget-wrap elementor-element-populated\">\n\t\t\t\t\t\t\t\t<div class=\"elementor-element elementor-element-af8832d elementor-widget elementor-widget-heading\" data-id=\"af8832d\" data-element_type=\"widget\" data-widget_type=\"heading.default\">\n\t\t\t\t<div class=\"elementor-widget-container\">\n\t\t\t<h1 class=\"elementor-heading-title elementor-size-default\">Jydepeisen<\/h1>\t\t<\/div>\n\t\t\t\t<\/div>\n\t\t\t\t\t<\/div>\n\t\t<\/div>\n\t\t\t\t\t\t\t<\/div>\n\t\t<\/section>\n\t\t\t\t<section class=\"elementor-section elementor-top-section elementor-element elementor-element-9668e72 elementor-section-boxed elementor-section-height-default elementor-section-height-default\" data-id=\"9668e72\" data-element_type=\"section\">\n\t\t\t\t\t\t<div class=\"elementor-container elementor-column-gap-default\">\n\t\t\t\t\t<div class=\"elementor-column elementor-col-100 elementor-top-column elementor-element elementor-element-10dce99\" data-id=\"10dce99\" data-element_type=\"column\">\n\t\t\t<div class=\"elementor-widget-wrap elementor-element-populated\">\n\t\t\t\t\t\t\t\t<div class=\"elementor-element elementor-element-e0a8a33 elementor-widget elementor-widget-text-editor\" data-id=\"e0a8a33\" data-element_type=\"widget\" data-widget_type=\"text-editor.default\">\n\t\t\t\t<div class=\"elementor-widget-container\">\n\t\t\t\t\t\t\t\t<p>&#8221;Fire by design&#8221; &#8211; snyggt designade v\u00e4rmem\u00f6bler fr\u00e5n danska Jydepeisen.<\/p><p>Det stora modell utbudet g\u00f6r att du kan hitta en m\u00f6bel som passar perfekt i s\u00e5v\u00e4l ditt moderna som ditt klassiskt inredda hem.mini-EOSVaeg<\/p><p>Det finns m\u00e5nga olika l\u00f6sningar med Jydepejsen, det finns modeller b\u00e5de f\u00f6r h\u00f6rnplacering och v\u00e4ggh\u00e4ngda. Man kan \u00e4ven skapa en hel v\u00e4gg med moduler vedf\u00f6rvaring och kaminen integrerad. M\u00f6jligheterna \u00e4r m\u00e5nga och design och kvalit\u00e9 \u00e4r i v\u00e4rldsklass.<\/p>\t\t\t\t\t\t<\/div>\n\t\t\t\t<\/div>\n\t\t\t\t\t<\/div>\n\t\t<\/div>\n\t\t\t\t\t\t\t<\/div>\n\t\t<\/section>\n\t\t\t\t<section class=\"elementor-section elementor-top-section elementor-element elementor-element-7a168e8 elementor-section-boxed elementor-section-height-default elementor-section-height-default\" data-id=\"7a168e8\" data-element_type=\"section\">\n\t\t\t\t\t\t<div class=\"elementor-container elementor-column-gap-default\">\n\t\t\t\t\t<div class=\"elementor-column elementor-col-100 elementor-top-column elementor-element elementor-element-6d1a974\" data-id=\"6d1a974\" data-element_type=\"column\">\n\t\t\t<div class=\"elementor-widget-wrap elementor-element-populated\">\n\t\t\t\t\t\t\t\t<div class=\"elementor-element elementor-element-bd6f250 elementor-widget elementor-widget-image-gallery\" data-id=\"bd6f250\" data-element_type=\"widget\" data-widget_type=\"image-gallery.default\">\n\t\t\t\t<div class=\"elementor-widget-container\">\n\t\t\t\t\t<div class=\"elementor-image-gallery\">\n\t\t\t<div id='gallery-1' class='gallery galleryid-106 gallery-columns-3 gallery-size-large'><figure class='gallery-item'>\n\t\t\t<div class='gallery-icon landscape'>\n\t\t\t\t<img loading=\"lazy\" decoding=\"async\" width=\"500\" height=\"455\" src=\"https:\/\/gasglad.se\/varmeteknik\/wp-content\/uploads\/2021\/06\/mini-trendline2_miljoe.jpg\" class=\"attachment-large size-large\" alt=\"\" \/>\n\t\t\t<\/div><\/figure><figure class='gallery-item'>\n\t\t\t<div class='gallery-icon portrait'>\n\t\t\t\t<img loading=\"lazy\" decoding=\"async\" width=\"427\" height=\"500\" src=\"https:\/\/gasglad.se\/varmeteknik\/wp-content\/uploads\/2021\/06\/mini-Focus_Fedtsten.jpg\" class=\"attachment-large size-large\" alt=\"\" \/>\n\t\t\t<\/div><\/figure><figure class='gallery-item'>\n\t\t\t<div class='gallery-icon landscape'>\n\t\t\t\t<img loading=\"lazy\" decoding=\"async\" width=\"500\" height=\"455\" src=\"https:\/\/gasglad.se\/varmeteknik\/wp-content\/uploads\/2021\/06\/mini-eos_miljo.jpg\" class=\"attachment-large size-large\" alt=\"\" \/>\n\t\t\t<\/div><\/figure>\n\t\t<\/div>\n\t\t<\/div>\n\t\t\t\t<\/div>\n\t\t\t\t<\/div>\n\t\t\t\t\t<\/div>\n\t\t<\/div>\n\t\t\t\t\t\t\t<\/div>\n\t\t<\/section>\n\t\t\t\t\t\t<\/div>\n\t\t\t\t\t<\/div>\n\t\t","protected":false},"excerpt":{"rendered":"<p>Jydepeisen &#8221;Fire by design&#8221; &#8211; snyggt designade v\u00e4rmem\u00f6bler fr\u00e5n danska Jydepeisen. Det stora modell utbudet g\u00f6r att du kan hitta en m\u00f6bel som passar perfekt i s\u00e5v\u00e4l ditt moderna som ditt klassiskt inredda hem.mini-EOSVaeg Det finns m\u00e5nga olika l\u00f6sningar med Jydepejsen, det finns modeller b\u00e5de f\u00f6r h\u00f6rnplacering och v\u00e4ggh\u00e4ngda. Man kan \u00e4ven skapa en hel [&hellip;]<\/p>\n","protected":false},"author":1,"featured_media":0,"parent":0,"menu_order":0,"comment_status":"closed","ping_status":"closed","template":"","meta":{"footnotes":""},"class_list":["post-106","page","type-page","status-publish","hentry"],"_links":{"self":[{"href":"https:\/\/gasglad.se\/varmeteknik\/wp-json\/wp\/v2\/pages\/106","targetHints":{"allow":["GET"]}}],"collection":[{"href":"https:\/\/gasglad.se\/varmeteknik\/wp-json\/wp\/v2\/pages"}],"about":[{"href":"https:\/\/gasglad.se\/varmeteknik\/wp-json\/wp\/v2\/types\/page"}],"author":[{"embeddable":true,"href":"https:\/\/gasglad.se\/varmeteknik\/wp-json\/wp\/v2\/users\/1"}],"replies":[{"embeddable":true,"href":"https:\/\/gasglad.se\/varmeteknik\/wp-json\/wp\/v2\/comments?post=106"}],"version-history":[{"count":13,"href":"https:\/\/gasglad.se\/varmeteknik\/wp-json\/wp\/v2\/pages\/106\/revisions"}],"predecessor-version":[{"id":122,"href":"https:\/\/gasglad.se\/varmeteknik\/wp-json\/wp\/v2\/pages\/106\/revisions\/122"}],"wp:attachment":[{"href":"https:\/\/gasglad.se\/varmeteknik\/wp-json\/wp\/v2\/media?parent=106"}],"curies":[{"name":"wp","href":"https:\/\/api.w.org\/{rel}","templated":true}]}}