{"id":123,"date":"2021-06-17T23:33:09","date_gmt":"2021-06-17T21:33:09","guid":{"rendered":"https:\/\/gasglad.se\/varmeteknik\/?page_id=123"},"modified":"2021-06-17T23:37:43","modified_gmt":"2021-06-17T21:37:43","slug":"morso-2","status":"publish","type":"page","link":"https:\/\/gasglad.se\/varmeteknik\/varmemobler\/morso-2\/","title":{"rendered":"Mors\u00f6"},"content":{"rendered":"\t\t<div data-elementor-type=\"wp-page\" data-elementor-id=\"123\" class=\"elementor elementor-123\" data-elementor-settings=\"[]\">\n\t\t\t\t\t\t\t<div class=\"elementor-section-wrap\">\n\t\t\t\t\t\t\t<section class=\"elementor-section elementor-top-section elementor-element elementor-element-3bd50ea elementor-section-boxed elementor-section-height-default elementor-section-height-default\" data-id=\"3bd50ea\" data-element_type=\"section\">\n\t\t\t\t\t\t<div class=\"elementor-container elementor-column-gap-default\">\n\t\t\t\t\t<div class=\"elementor-column elementor-col-100 elementor-top-column elementor-element elementor-element-98bea4d\" data-id=\"98bea4d\" data-element_type=\"column\">\n\t\t\t<div class=\"elementor-widget-wrap elementor-element-populated\">\n\t\t\t\t\t\t\t\t<div class=\"elementor-element elementor-element-b5a7978 elementor-widget elementor-widget-heading\" data-id=\"b5a7978\" data-element_type=\"widget\" data-widget_type=\"heading.default\">\n\t\t\t\t<div class=\"elementor-widget-container\">\n\t\t\t<h1 class=\"elementor-heading-title elementor-size-default\">Mors\u00f6<\/h1>\t\t<\/div>\n\t\t\t\t<\/div>\n\t\t\t\t\t<\/div>\n\t\t<\/div>\n\t\t\t\t\t\t\t<\/div>\n\t\t<\/section>\n\t\t\t\t<section class=\"elementor-section elementor-top-section elementor-element elementor-element-a822787 elementor-section-boxed elementor-section-height-default elementor-section-height-default\" data-id=\"a822787\" data-element_type=\"section\">\n\t\t\t\t\t\t<div class=\"elementor-container elementor-column-gap-default\">\n\t\t\t\t\t<div class=\"elementor-column elementor-col-100 elementor-top-column elementor-element elementor-element-b3a2e0a\" data-id=\"b3a2e0a\" data-element_type=\"column\">\n\t\t\t<div class=\"elementor-widget-wrap elementor-element-populated\">\n\t\t\t\t\t\t\t\t<div class=\"elementor-element elementor-element-361a04f elementor-widget elementor-widget-text-editor\" data-id=\"361a04f\" data-element_type=\"widget\" data-widget_type=\"text-editor.default\">\n\t\t\t\t<div class=\"elementor-widget-container\">\n\t\t\t\t\t\t\t\t<p>Mors\u00f8 har 153 \u00e5rs erfarenhet av att tillverka kaminer, och vi har alltid g\u00e5tt i spetsen n\u00e4r det varit dags att utveckla nya kamintyper. Du kan alltid hitta en Mors\u00f8-kamin som uppfyller just dina krav p\u00e5 design, storlek, kamintyp och effektivitet.<\/p>\t\t\t\t\t\t<\/div>\n\t\t\t\t<\/div>\n\t\t\t\t\t<\/div>\n\t\t<\/div>\n\t\t\t\t\t\t\t<\/div>\n\t\t<\/section>\n\t\t\t\t<section class=\"elementor-section elementor-top-section elementor-element elementor-element-d2c7c25 elementor-section-boxed elementor-section-height-default elementor-section-height-default\" data-id=\"d2c7c25\" data-element_type=\"section\">\n\t\t\t\t\t\t<div class=\"elementor-container elementor-column-gap-default\">\n\t\t\t\t\t<div class=\"elementor-column elementor-col-50 elementor-top-column elementor-element elementor-element-22ad246\" data-id=\"22ad246\" data-element_type=\"column\">\n\t\t\t<div class=\"elementor-widget-wrap elementor-element-populated\">\n\t\t\t\t\t\t\t\t<div class=\"elementor-element elementor-element-b623ccf elementor-widget elementor-widget-text-editor\" data-id=\"b623ccf\" data-element_type=\"widget\" data-widget_type=\"text-editor.default\">\n\t\t\t\t<div class=\"elementor-widget-container\">\n\t\t\t\t\t\t\t\t<h2>Mors\u00f8 1452<\/h2><p>Mors\u00f8 1452 \u00e4r en str\u00e5lkamin med sidor och topplatta i t\u00e4ljsten som h\u00e5ller v\u00e4rmen l\u00e4nge. 1452 har ocks\u00e5 den senaste f\u00f6rbr\u00e4nningstekniken och klarar de str\u00e4ngaste milj\u00f6kraven i v\u00e4rlden.<\/p><p>Glaset h\u00e5lls rent med luftspolning<\/p><p>Mors\u00f8 1452 \u00e4r utrustad med b\u00e5de ristgaller, askhylla och askl\u00e5da som g\u00f6r det enkelt att ta bort aska och reng\u00f6ra kaminerna. Mors\u00f8s f\u00f6rbr\u00e4nningssystem med luftspolning ser till att glaset alltid \u00e4r rent vid korrekt eldning.<\/p>\t\t\t\t\t\t<\/div>\n\t\t\t\t<\/div>\n\t\t\t\t\t<\/div>\n\t\t<\/div>\n\t\t\t\t<div class=\"elementor-column elementor-col-50 elementor-top-column elementor-element elementor-element-eac46d8\" data-id=\"eac46d8\" data-element_type=\"column\">\n\t\t\t<div class=\"elementor-widget-wrap elementor-element-populated\">\n\t\t\t\t\t\t\t\t<div class=\"elementor-element elementor-element-90af49b elementor-widget elementor-widget-image\" data-id=\"90af49b\" data-element_type=\"widget\" data-widget_type=\"image.default\">\n\t\t\t\t<div class=\"elementor-widget-container\">\n\t\t\t\t\t\t\t\t\t\t\t\t\t\t\t<img loading=\"lazy\" decoding=\"async\" width=\"229\" height=\"318\" src=\"https:\/\/gasglad.se\/varmeteknik\/wp-content\/uploads\/2021\/06\/Morso_1452.jpg\" class=\"attachment-large size-large\" alt=\"\" \/>\t\t\t\t\t\t\t\t\t\t\t\t\t\t\t<\/div>\n\t\t\t\t<\/div>\n\t\t\t\t\t<\/div>\n\t\t<\/div>\n\t\t\t\t\t\t\t<\/div>\n\t\t<\/section>\n\t\t\t\t<section class=\"elementor-section elementor-top-section elementor-element elementor-element-aac8c76 elementor-section-boxed elementor-section-height-default elementor-section-height-default\" data-id=\"aac8c76\" data-element_type=\"section\">\n\t\t\t\t\t\t<div class=\"elementor-container elementor-column-gap-default\">\n\t\t\t\t\t<div class=\"elementor-column elementor-col-50 elementor-top-column elementor-element elementor-element-bc0f445\" data-id=\"bc0f445\" data-element_type=\"column\">\n\t\t\t<div class=\"elementor-widget-wrap elementor-element-populated\">\n\t\t\t\t\t\t\t\t<div class=\"elementor-element elementor-element-8d5ee06 elementor-widget elementor-widget-image\" data-id=\"8d5ee06\" data-element_type=\"widget\" data-widget_type=\"image.default\">\n\t\t\t\t<div class=\"elementor-widget-container\">\n\t\t\t\t\t\t\t\t\t\t\t\t\t\t\t<img loading=\"lazy\" decoding=\"async\" width=\"235\" height=\"459\" src=\"https:\/\/gasglad.se\/varmeteknik\/wp-content\/uploads\/2021\/06\/Morso_8148.jpg\" class=\"attachment-large size-large\" alt=\"\" \/>\t\t\t\t\t\t\t\t\t\t\t\t\t\t\t<\/div>\n\t\t\t\t<\/div>\n\t\t\t\t\t<\/div>\n\t\t<\/div>\n\t\t\t\t<div class=\"elementor-column elementor-col-50 elementor-top-column elementor-element elementor-element-464a4f5\" data-id=\"464a4f5\" data-element_type=\"column\">\n\t\t\t<div class=\"elementor-widget-wrap elementor-element-populated\">\n\t\t\t\t\t\t\t\t<div class=\"elementor-element elementor-element-93c0f8c elementor-widget elementor-widget-text-editor\" data-id=\"93c0f8c\" data-element_type=\"widget\" data-widget_type=\"text-editor.default\">\n\t\t\t\t<div class=\"elementor-widget-container\">\n\t\t\t\t\t\t\t\t<h2>Mors\u00f8 8148<\/h2><p>Rena linjer och praktiska detaljer<\/p><p>Mors\u00f8 8150<\/p><p>Mors\u00f8 8150 har t\u00e4ljsten b\u00e5de p\u00e5 sidorna och \u00f6verst. T\u00e4ljsten \u00e4r ett exklusivt material som \u00e4r b\u00e5de vackert och har mycket goda v\u00e4rmeegenskaper.<\/p>\t\t\t\t\t\t<\/div>\n\t\t\t\t<\/div>\n\t\t\t\t\t<\/div>\n\t\t<\/div>\n\t\t\t\t\t\t\t<\/div>\n\t\t<\/section>\n\t\t\t\t<section class=\"elementor-section elementor-top-section elementor-element elementor-element-a828697 elementor-reverse-mobile elementor-section-boxed elementor-section-height-default elementor-section-height-default\" data-id=\"a828697\" data-element_type=\"section\">\n\t\t\t\t\t\t<div class=\"elementor-container elementor-column-gap-default\">\n\t\t\t\t\t<div class=\"elementor-column elementor-col-50 elementor-top-column elementor-element elementor-element-19de97a\" data-id=\"19de97a\" data-element_type=\"column\">\n\t\t\t<div class=\"elementor-widget-wrap elementor-element-populated\">\n\t\t\t\t\t\t\t\t<div class=\"elementor-element elementor-element-7bb5cd5 elementor-align-center elementor-widget elementor-widget-button\" data-id=\"7bb5cd5\" data-element_type=\"widget\" data-widget_type=\"button.default\">\n\t\t\t\t<div class=\"elementor-widget-container\">\n\t\t\t\t\t<div class=\"elementor-button-wrapper\">\n\t\t\t<a href=\"https:\/\/gasglad.se\/varmeteknik\/wp-content\/uploads\/2021\/06\/Morso-prislista-sverige-Augusti-2013.pdf\" class=\"elementor-button-link elementor-button elementor-size-sm\" role=\"button\">\n\t\t\t\t\t\t<span class=\"elementor-button-content-wrapper\">\n\t\t\t\t\t\t<span class=\"elementor-button-text\">L\u00e4s mer om Mors\u00f8 h\u00e4r.<\/span>\n\t\t<\/span>\n\t\t\t\t\t<\/a>\n\t\t<\/div>\n\t\t\t\t<\/div>\n\t\t\t\t<\/div>\n\t\t\t\t\t<\/div>\n\t\t<\/div>\n\t\t\t\t<div class=\"elementor-column elementor-col-50 elementor-top-column elementor-element elementor-element-64f84cd\" data-id=\"64f84cd\" data-element_type=\"column\">\n\t\t\t<div class=\"elementor-widget-wrap elementor-element-populated\">\n\t\t\t\t\t\t\t\t<div class=\"elementor-element elementor-element-c35bd52 elementor-widget elementor-widget-image\" data-id=\"c35bd52\" data-element_type=\"widget\" data-widget_type=\"image.default\">\n\t\t\t\t<div class=\"elementor-widget-container\">\n\t\t\t\t\t\t\t\t\t\t\t\t\t\t\t<img loading=\"lazy\" decoding=\"async\" width=\"196\" height=\"373\" src=\"https:\/\/gasglad.se\/varmeteknik\/wp-content\/uploads\/2021\/06\/Morso_8150.jpg\" class=\"attachment-large size-large\" alt=\"\" \/>\t\t\t\t\t\t\t\t\t\t\t\t\t\t\t<\/div>\n\t\t\t\t<\/div>\n\t\t\t\t\t<\/div>\n\t\t<\/div>\n\t\t\t\t\t\t\t<\/div>\n\t\t<\/section>\n\t\t\t\t\t\t<\/div>\n\t\t\t\t\t<\/div>\n\t\t","protected":false},"excerpt":{"rendered":"<p>Mors\u00f6 Mors\u00f8 har 153 \u00e5rs erfarenhet av att tillverka kaminer, och vi har alltid g\u00e5tt i spetsen n\u00e4r det varit dags att utveckla nya kamintyper. Du kan alltid hitta en Mors\u00f8-kamin som uppfyller just dina krav p\u00e5 design, storlek, kamintyp och effektivitet. Mors\u00f8 1452 Mors\u00f8 1452 \u00e4r en str\u00e5lkamin med sidor och topplatta i t\u00e4ljsten [&hellip;]<\/p>\n","protected":false},"author":1,"featured_media":0,"parent":79,"menu_order":0,"comment_status":"closed","ping_status":"closed","template":"","meta":{"footnotes":""},"class_list":["post-123","page","type-page","status-publish","hentry"],"_links":{"self":[{"href":"https:\/\/gasglad.se\/varmeteknik\/wp-json\/wp\/v2\/pages\/123","targetHints":{"allow":["GET"]}}],"collection":[{"href":"https:\/\/gasglad.se\/varmeteknik\/wp-json\/wp\/v2\/pages"}],"about":[{"href":"https:\/\/gasglad.se\/varmeteknik\/wp-json\/wp\/v2\/types\/page"}],"author":[{"embeddable":true,"href":"https:\/\/gasglad.se\/varmeteknik\/wp-json\/wp\/v2\/users\/1"}],"replies":[{"embeddable":true,"href":"https:\/\/gasglad.se\/varmeteknik\/wp-json\/wp\/v2\/comments?post=123"}],"version-history":[{"count":4,"href":"https:\/\/gasglad.se\/varmeteknik\/wp-json\/wp\/v2\/pages\/123\/revisions"}],"predecessor-version":[{"id":131,"href":"https:\/\/gasglad.se\/varmeteknik\/wp-json\/wp\/v2\/pages\/123\/revisions\/131"}],"up":[{"embeddable":true,"href":"https:\/\/gasglad.se\/varmeteknik\/wp-json\/wp\/v2\/pages\/79"}],"wp:attachment":[{"href":"https:\/\/gasglad.se\/varmeteknik\/wp-json\/wp\/v2\/media?parent=123"}],"curies":[{"name":"wp","href":"https:\/\/api.w.org\/{rel}","templated":true}]}}