{"id":138,"date":"2021-06-17T23:42:15","date_gmt":"2021-06-17T21:42:15","guid":{"rendered":"https:\/\/gasglad.se\/varmeteknik\/?page_id=138"},"modified":"2021-06-17T23:44:14","modified_gmt":"2021-06-17T21:44:14","slug":"skandinavisk-spismiljo","status":"publish","type":"page","link":"https:\/\/gasglad.se\/varmeteknik\/varmemobler\/skandinavisk-spismiljo\/","title":{"rendered":"Skandinavisk Spismilj\u00f6"},"content":{"rendered":"\t\t<div data-elementor-type=\"wp-page\" data-elementor-id=\"138\" class=\"elementor elementor-138\" data-elementor-settings=\"[]\">\n\t\t\t\t\t\t\t<div class=\"elementor-section-wrap\">\n\t\t\t\t\t\t\t<section class=\"elementor-section elementor-top-section elementor-element elementor-element-86c0298 elementor-section-boxed elementor-section-height-default elementor-section-height-default\" data-id=\"86c0298\" data-element_type=\"section\">\n\t\t\t\t\t\t<div class=\"elementor-container elementor-column-gap-default\">\n\t\t\t\t\t<div class=\"elementor-column elementor-col-100 elementor-top-column elementor-element elementor-element-ada23da\" data-id=\"ada23da\" data-element_type=\"column\">\n\t\t\t<div class=\"elementor-widget-wrap elementor-element-populated\">\n\t\t\t\t\t\t\t\t<div class=\"elementor-element elementor-element-e55042c elementor-widget elementor-widget-heading\" data-id=\"e55042c\" data-element_type=\"widget\" data-widget_type=\"heading.default\">\n\t\t\t\t<div class=\"elementor-widget-container\">\n\t\t\t<h1 class=\"elementor-heading-title elementor-size-default\">Skandinavisk Spismilj\u00f6<\/h1>\t\t<\/div>\n\t\t\t\t<\/div>\n\t\t\t\t\t<\/div>\n\t\t<\/div>\n\t\t\t\t\t\t\t<\/div>\n\t\t<\/section>\n\t\t\t\t<section class=\"elementor-section elementor-top-section elementor-element elementor-element-48e3b98 elementor-section-boxed elementor-section-height-default elementor-section-height-default\" data-id=\"48e3b98\" data-element_type=\"section\">\n\t\t\t\t\t\t<div class=\"elementor-container elementor-column-gap-default\">\n\t\t\t\t\t<div class=\"elementor-column elementor-col-100 elementor-top-column elementor-element elementor-element-3ce0a79\" data-id=\"3ce0a79\" data-element_type=\"column\">\n\t\t\t<div class=\"elementor-widget-wrap elementor-element-populated\">\n\t\t\t\t\t\t\t\t<div class=\"elementor-element elementor-element-b7b389f elementor-widget elementor-widget-text-editor\" data-id=\"b7b389f\" data-element_type=\"widget\" data-widget_type=\"text-editor.default\">\n\t\t\t\t<div class=\"elementor-widget-container\">\n\t\t\t\t\t\t\t\t<h3>Attityd 500, den enda insatsen med friskluftanslutning.<\/h3><p>Scandinavisk Spismilj\u00f6 har arbetat med eldst\u00e4der i mer \u00e4n 20 \u00e5r. D\u00e4rf\u00f6r kan du vara s\u00e4ker p\u00e5 att hitta den braskamin du s\u00f6ker n\u00e4r du s\u00f6ker bland v\u00e5rat sortiment. En installation av en braskamin ger dig \u00f6kad trivsel, st\u00f6rre trygghet vid str\u00f6mavbrott och s\u00e4nkta v\u00e4rmekostnader. Vi kan brasv\u00e4rme.<\/p>\t\t\t\t\t\t<\/div>\n\t\t\t\t<\/div>\n\t\t\t\t<div class=\"elementor-element elementor-element-43fb3b6 elementor-widget elementor-widget-text-editor\" data-id=\"43fb3b6\" data-element_type=\"widget\" data-widget_type=\"text-editor.default\">\n\t\t\t\t<div class=\"elementor-widget-container\">\n\t\t\t\t\t\t\t\t<h3>Klassisk design kombinerat med modern f\u00f6rbr\u00e4nningsteknik.<\/h3><p>Dovre gjutj\u00e4rnskaminer tillverkas i Belgien enligt norsk tradition och en gjutj\u00e4rnskamin fr\u00e5n Dovre ger dig alltid en effektiv, milj\u00f6riktig brasv\u00e4rme. En installation av en gjutj\u00e4rnskamin fr\u00e5n Dovre ger dig \u00f6kad trivsel, st\u00f6rre trygghet vid str\u00f6mavbrott och s\u00e4nkta v\u00e4rmekostnader. Av alla eldst\u00e4der st\u00e5r en gjutj\u00e4rnskamin alltid h\u00f6gt p\u00e5 \u00f6nskelistan<\/p>\t\t\t\t\t\t<\/div>\n\t\t\t\t<\/div>\n\t\t\t\t\t<\/div>\n\t\t<\/div>\n\t\t\t\t\t\t\t<\/div>\n\t\t<\/section>\n\t\t\t\t\t\t<\/div>\n\t\t\t\t\t<\/div>\n\t\t","protected":false},"excerpt":{"rendered":"<p>Skandinavisk Spismilj\u00f6 Attityd 500, den enda insatsen med friskluftanslutning. Scandinavisk Spismilj\u00f6 har arbetat med eldst\u00e4der i mer \u00e4n 20 \u00e5r. D\u00e4rf\u00f6r kan du vara s\u00e4ker p\u00e5 att hitta den braskamin du s\u00f6ker n\u00e4r du s\u00f6ker bland v\u00e5rat sortiment. En installation av en braskamin ger dig \u00f6kad trivsel, st\u00f6rre trygghet vid str\u00f6mavbrott och s\u00e4nkta v\u00e4rmekostnader. Vi [&hellip;]<\/p>\n","protected":false},"author":1,"featured_media":0,"parent":79,"menu_order":0,"comment_status":"closed","ping_status":"closed","template":"","meta":{"footnotes":""},"class_list":["post-138","page","type-page","status-publish","hentry"],"_links":{"self":[{"href":"https:\/\/gasglad.se\/varmeteknik\/wp-json\/wp\/v2\/pages\/138","targetHints":{"allow":["GET"]}}],"collection":[{"href":"https:\/\/gasglad.se\/varmeteknik\/wp-json\/wp\/v2\/pages"}],"about":[{"href":"https:\/\/gasglad.se\/varmeteknik\/wp-json\/wp\/v2\/types\/page"}],"author":[{"embeddable":true,"href":"https:\/\/gasglad.se\/varmeteknik\/wp-json\/wp\/v2\/users\/1"}],"replies":[{"embeddable":true,"href":"https:\/\/gasglad.se\/varmeteknik\/wp-json\/wp\/v2\/comments?post=138"}],"version-history":[{"count":4,"href":"https:\/\/gasglad.se\/varmeteknik\/wp-json\/wp\/v2\/pages\/138\/revisions"}],"predecessor-version":[{"id":145,"href":"https:\/\/gasglad.se\/varmeteknik\/wp-json\/wp\/v2\/pages\/138\/revisions\/145"}],"up":[{"embeddable":true,"href":"https:\/\/gasglad.se\/varmeteknik\/wp-json\/wp\/v2\/pages\/79"}],"wp:attachment":[{"href":"https:\/\/gasglad.se\/varmeteknik\/wp-json\/wp\/v2\/media?parent=138"}],"curies":[{"name":"wp","href":"https:\/\/api.w.org\/{rel}","templated":true}]}}