{"id":44,"date":"2021-06-17T21:08:55","date_gmt":"2021-06-17T19:08:55","guid":{"rendered":"https:\/\/gasglad.se\/varmeteknik\/?page_id=44"},"modified":"2021-06-18T15:47:37","modified_gmt":"2021-06-18T13:47:37","slug":"tjanster","status":"publish","type":"page","link":"https:\/\/gasglad.se\/varmeteknik\/tjanster\/","title":{"rendered":"Tj\u00e4nster"},"content":{"rendered":"\t\t<div data-elementor-type=\"wp-page\" data-elementor-id=\"44\" class=\"elementor elementor-44\" data-elementor-settings=\"[]\">\n\t\t\t\t\t\t\t<div class=\"elementor-section-wrap\">\n\t\t\t\t\t\t\t<section class=\"elementor-section elementor-top-section elementor-element elementor-element-ace5f7b elementor-section-boxed elementor-section-height-default elementor-section-height-default\" data-id=\"ace5f7b\" data-element_type=\"section\">\n\t\t\t\t\t\t<div class=\"elementor-container elementor-column-gap-default\">\n\t\t\t\t\t<div class=\"elementor-column elementor-col-100 elementor-top-column elementor-element elementor-element-700bf65\" data-id=\"700bf65\" data-element_type=\"column\">\n\t\t\t<div class=\"elementor-widget-wrap elementor-element-populated\">\n\t\t\t\t\t\t\t\t<div class=\"elementor-element elementor-element-a6f8473 elementor-widget elementor-widget-heading\" data-id=\"a6f8473\" data-element_type=\"widget\" data-widget_type=\"heading.default\">\n\t\t\t\t<div class=\"elementor-widget-container\">\n\t\t\t<h1 class=\"elementor-heading-title elementor-size-default\">Tj\u00e4nster<\/h1>\t\t<\/div>\n\t\t\t\t<\/div>\n\t\t\t\t\t<\/div>\n\t\t<\/div>\n\t\t\t\t\t\t\t<\/div>\n\t\t<\/section>\n\t\t\t\t<section class=\"elementor-section elementor-top-section elementor-element elementor-element-d051c48 elementor-section-boxed elementor-section-height-default elementor-section-height-default\" data-id=\"d051c48\" data-element_type=\"section\">\n\t\t\t\t\t\t<div class=\"elementor-container elementor-column-gap-default\">\n\t\t\t\t\t<div class=\"elementor-column elementor-col-50 elementor-top-column elementor-element elementor-element-0c03d33\" data-id=\"0c03d33\" data-element_type=\"column\">\n\t\t\t<div class=\"elementor-widget-wrap elementor-element-populated\">\n\t\t\t\t\t\t\t\t<div class=\"elementor-element elementor-element-c9f8873 elementor-widget elementor-widget-heading\" data-id=\"c9f8873\" data-element_type=\"widget\" data-widget_type=\"heading.default\">\n\t\t\t\t<div class=\"elementor-widget-container\">\n\t\t\t<h2 class=\"elementor-heading-title elementor-size-default\">Skortensinstallation och renovering<\/h2>\t\t<\/div>\n\t\t\t\t<\/div>\n\t\t\t\t<div class=\"elementor-element elementor-element-28b3126 elementor-widget elementor-widget-text-editor\" data-id=\"28b3126\" data-element_type=\"widget\" data-widget_type=\"text-editor.default\">\n\t\t\t\t<div class=\"elementor-widget-container\">\n\t\t\t\t\t\t\t\t<p>Modul skorstenssystem \u00e4r ett prefabricerat, dubbelv\u00e4ggigt skorstenssystem med keramiskisolering.<br \/>V\u00e5ra modulskorstenar best\u00e5r av rostfritt st\u00e5l och d\u00e4r yttermanteln \u00e4r vind- och vattenavvisande.<\/p><p>Innermanteln motst\u00e5r de korrosiva \u00e4mnen som bildas vid f\u00f6rbr\u00e4nning. Den expanderar fritt vid temperaturv\u00e4xlingar oberoende av yttermanteln. Utrymmet p\u00e5 25 &amp; 50 mm mellan mantlarna \u00e4r fyllt med ett h\u00f6gkvalitativt keramiskt isoleringsmaterial.<\/p><p>Skorstenssystemet kan installeras b\u00e5de inv\u00e4ndigt och utv\u00e4ndigt dessutom \u00e4r det typgodk\u00e4nt f\u00f6r sidodragning . V\u00e5ra modulskorstenar \u00e4r provade och typgodk\u00e4nda f\u00f6r s\u00e5v\u00e4l inv\u00e4ndigt som utv\u00e4ndigt montage och f\u00f6r anslutning till villa- och industripannor, \u00f6ppna spisar och braskaminer.<\/p><p>Systemet ger maximal s\u00e4kerhet och l\u00f6ser dina skorstenbehov.<\/p>\t\t\t\t\t\t<\/div>\n\t\t\t\t<\/div>\n\t\t\t\t<div class=\"elementor-element elementor-element-da10fc9 elementor-widget__width-initial elementor-widget elementor-widget-button\" data-id=\"da10fc9\" data-element_type=\"widget\" data-widget_type=\"button.default\">\n\t\t\t\t<div class=\"elementor-widget-container\">\n\t\t\t\t\t<div class=\"elementor-button-wrapper\">\n\t\t\t<a href=\"https:\/\/gasglad.se\/varmeteknik\/skorstensrenovering\/\" class=\"elementor-button-link elementor-button elementor-size-sm\" role=\"button\">\n\t\t\t\t\t\t<span class=\"elementor-button-content-wrapper\">\n\t\t\t\t\t\t<span class=\"elementor-button-text\">L\u00e4s mer om skorstensrenovering<\/span>\n\t\t<\/span>\n\t\t\t\t\t<\/a>\n\t\t<\/div>\n\t\t\t\t<\/div>\n\t\t\t\t<\/div>\n\t\t\t\t<div class=\"elementor-element elementor-element-0ee51b4 elementor-widget__width-initial elementor-widget elementor-widget-button\" data-id=\"0ee51b4\" data-element_type=\"widget\" data-widget_type=\"button.default\">\n\t\t\t\t<div class=\"elementor-widget-container\">\n\t\t\t\t\t<div class=\"elementor-button-wrapper\">\n\t\t\t<a href=\"https:\/\/gasglad.se\/varmeteknik\/tjanster\/skorstensinstallation\/\" class=\"elementor-button-link elementor-button elementor-size-sm\" role=\"button\">\n\t\t\t\t\t\t<span class=\"elementor-button-content-wrapper\">\n\t\t\t\t\t\t<span class=\"elementor-button-text\">L\u00e4s mer om skorstensinstallation<\/span>\n\t\t<\/span>\n\t\t\t\t\t<\/a>\n\t\t<\/div>\n\t\t\t\t<\/div>\n\t\t\t\t<\/div>\n\t\t\t\t\t<\/div>\n\t\t<\/div>\n\t\t\t\t<div class=\"elementor-column elementor-col-50 elementor-top-column elementor-element elementor-element-e19b81a\" data-id=\"e19b81a\" data-element_type=\"column\">\n\t\t\t<div class=\"elementor-widget-wrap elementor-element-populated\">\n\t\t\t\t\t\t\t\t<div class=\"elementor-element elementor-element-a060f4e elementor-widget elementor-widget-image\" data-id=\"a060f4e\" data-element_type=\"widget\" data-widget_type=\"image.default\">\n\t\t\t\t<div class=\"elementor-widget-container\">\n\t\t\t\t\t\t\t\t\t\t\t\t\t\t\t<img loading=\"lazy\" decoding=\"async\" width=\"481\" height=\"618\" src=\"https:\/\/gasglad.se\/varmeteknik\/wp-content\/uploads\/2021\/06\/skorten.png\" class=\"attachment-large size-large\" alt=\"\" \/>\t\t\t\t\t\t\t\t\t\t\t\t\t\t\t<\/div>\n\t\t\t\t<\/div>\n\t\t\t\t\t<\/div>\n\t\t<\/div>\n\t\t\t\t\t\t\t<\/div>\n\t\t<\/section>\n\t\t\t\t<section class=\"elementor-section elementor-top-section elementor-element elementor-element-f4f7fbd elementor-section-boxed elementor-section-height-default elementor-section-height-default\" data-id=\"f4f7fbd\" data-element_type=\"section\">\n\t\t\t\t\t\t<div class=\"elementor-container elementor-column-gap-default\">\n\t\t\t\t\t<div class=\"elementor-column elementor-col-50 elementor-top-column elementor-element elementor-element-7ef8df2\" data-id=\"7ef8df2\" data-element_type=\"column\">\n\t\t\t<div class=\"elementor-widget-wrap elementor-element-populated\">\n\t\t\t\t\t\t\t\t<div class=\"elementor-element elementor-element-0b5453e elementor-widget elementor-widget-image\" data-id=\"0b5453e\" data-element_type=\"widget\" data-widget_type=\"image.default\">\n\t\t\t\t<div class=\"elementor-widget-container\">\n\t\t\t\t\t\t\t\t\t\t\t\t\t\t\t<img loading=\"lazy\" decoding=\"async\" width=\"640\" height=\"360\" src=\"https:\/\/gasglad.se\/varmeteknik\/wp-content\/uploads\/2021\/06\/20170831_112341.jpg\" class=\"attachment-large size-large\" alt=\"\" \/>\t\t\t\t\t\t\t\t\t\t\t\t\t\t\t<\/div>\n\t\t\t\t<\/div>\n\t\t\t\t\t<\/div>\n\t\t<\/div>\n\t\t\t\t<div class=\"elementor-column elementor-col-50 elementor-top-column elementor-element elementor-element-7aa84c4\" data-id=\"7aa84c4\" data-element_type=\"column\">\n\t\t\t<div class=\"elementor-widget-wrap elementor-element-populated\">\n\t\t\t\t\t\t\t\t<div class=\"elementor-element elementor-element-8fbd363 elementor-widget elementor-widget-heading\" data-id=\"8fbd363\" data-element_type=\"widget\" data-widget_type=\"heading.default\">\n\t\t\t\t<div class=\"elementor-widget-container\">\n\t\t\t<h2 class=\"elementor-heading-title elementor-size-default\">V\u00e4rmem\u00f6bler<\/h2>\t\t<\/div>\n\t\t\t\t<\/div>\n\t\t\t\t<div class=\"elementor-element elementor-element-f408030 elementor-widget elementor-widget-text-editor\" data-id=\"f408030\" data-element_type=\"widget\" data-widget_type=\"text-editor.default\">\n\t\t\t\t<div class=\"elementor-widget-container\">\n\t\t\t\t\t\t\t\t<p>Var smart och\u00a0f\u00f6rnya ditt hem med en ny modern v\u00e4rmem\u00f6bel som inte bara \u00e4r mysig utan ocks\u00e5 sparar in stora uppv\u00e4rmings kostnader. Vi har ett stort utbud fr\u00e5n flera stora tillverkare vilket inneb\u00e4r en stor valm\u00f6jlighet f\u00f6r dig som kund.\u00a0Hos oss\u00a0finns en v\u00e4rmem\u00f6bel f\u00f6r varje hem.<\/p>\t\t\t\t\t\t<\/div>\n\t\t\t\t<\/div>\n\t\t\t\t<div class=\"elementor-element elementor-element-52bc16f elementor-widget__width-initial elementor-align-left elementor-widget elementor-widget-button\" data-id=\"52bc16f\" data-element_type=\"widget\" data-widget_type=\"button.default\">\n\t\t\t\t<div class=\"elementor-widget-container\">\n\t\t\t\t\t<div class=\"elementor-button-wrapper\">\n\t\t\t<a href=\"https:\/\/gasglad.se\/varmeteknik\/varmemobler\/\" class=\"elementor-button-link elementor-button elementor-size-sm\" role=\"button\">\n\t\t\t\t\t\t<span class=\"elementor-button-content-wrapper\">\n\t\t\t\t\t\t<span class=\"elementor-button-text\">L\u00e4s mer om v\u00e4rmem\u00f6bler<\/span>\n\t\t<\/span>\n\t\t\t\t\t<\/a>\n\t\t<\/div>\n\t\t\t\t<\/div>\n\t\t\t\t<\/div>\n\t\t\t\t\t<\/div>\n\t\t<\/div>\n\t\t\t\t\t\t\t<\/div>\n\t\t<\/section>\n\t\t\t\t<section class=\"elementor-section elementor-top-section elementor-element elementor-element-8b43e61 elementor-reverse-mobile elementor-section-boxed elementor-section-height-default elementor-section-height-default\" data-id=\"8b43e61\" data-element_type=\"section\">\n\t\t\t\t\t\t<div class=\"elementor-container elementor-column-gap-default\">\n\t\t\t\t\t<div class=\"elementor-column elementor-col-50 elementor-top-column elementor-element elementor-element-9c6642c\" data-id=\"9c6642c\" data-element_type=\"column\">\n\t\t\t<div class=\"elementor-widget-wrap elementor-element-populated\">\n\t\t\t\t\t\t\t\t<div class=\"elementor-element elementor-element-688a1ae elementor-widget elementor-widget-heading\" data-id=\"688a1ae\" data-element_type=\"widget\" data-widget_type=\"heading.default\">\n\t\t\t\t<div class=\"elementor-widget-container\">\n\t\t\t<h2 class=\"elementor-heading-title elementor-size-default\">Kakelugnar<\/h2>\t\t<\/div>\n\t\t\t\t<\/div>\n\t\t\t\t<div class=\"elementor-element elementor-element-2d413b3 elementor-widget elementor-widget-text-editor\" data-id=\"2d413b3\" data-element_type=\"widget\" data-widget_type=\"text-editor.default\">\n\t\t\t\t<div class=\"elementor-widget-container\">\n\t\t\t\t\t\t\t\t<p>Var smart och\u00a0f\u00f6rnya ditt hem med en ny modern v\u00e4rmem\u00f6bel som inte bara \u00e4r mysig utan ocks\u00e5 sparar in stora uppv\u00e4rmings kostnader. Vi har ett stort utbud fr\u00e5n flera stora tillverkare vilket inneb\u00e4r en stor valm\u00f6jlighet f\u00f6r dig som kund.\u00a0Hos oss\u00a0finns en v\u00e4rmem\u00f6bel f\u00f6r varje hem.<\/p>\t\t\t\t\t\t<\/div>\n\t\t\t\t<\/div>\n\t\t\t\t\t<\/div>\n\t\t<\/div>\n\t\t\t\t<div class=\"elementor-column elementor-col-50 elementor-top-column elementor-element elementor-element-03c6ea7\" data-id=\"03c6ea7\" data-element_type=\"column\">\n\t\t\t<div class=\"elementor-widget-wrap elementor-element-populated\">\n\t\t\t\t\t\t\t\t<div class=\"elementor-element elementor-element-64cda82 elementor-widget elementor-widget-image\" data-id=\"64cda82\" data-element_type=\"widget\" data-widget_type=\"image.default\">\n\t\t\t\t<div class=\"elementor-widget-container\">\n\t\t\t\t\t\t\t\t\t\t\t\t\t\t\t<img loading=\"lazy\" decoding=\"async\" width=\"640\" height=\"843\" src=\"https:\/\/gasglad.se\/varmeteknik\/wp-content\/uploads\/2021\/06\/2070_kl.jpg\" class=\"attachment-large size-large\" alt=\"\" \/>\t\t\t\t\t\t\t\t\t\t\t\t\t\t\t<\/div>\n\t\t\t\t<\/div>\n\t\t\t\t\t<\/div>\n\t\t<\/div>\n\t\t\t\t\t\t\t<\/div>\n\t\t<\/section>\n\t\t\t\t<section class=\"elementor-section elementor-top-section elementor-element elementor-element-92d331e elementor-section-boxed elementor-section-height-default elementor-section-height-default\" data-id=\"92d331e\" data-element_type=\"section\">\n\t\t\t\t\t\t<div class=\"elementor-container elementor-column-gap-default\">\n\t\t\t\t\t<div class=\"elementor-column elementor-col-50 elementor-top-column elementor-element elementor-element-1def4d8\" data-id=\"1def4d8\" data-element_type=\"column\">\n\t\t\t<div class=\"elementor-widget-wrap elementor-element-populated\">\n\t\t\t\t\t\t\t\t<div class=\"elementor-element elementor-element-d010e5e elementor-widget elementor-widget-image\" data-id=\"d010e5e\" data-element_type=\"widget\" data-widget_type=\"image.default\">\n\t\t\t\t<div class=\"elementor-widget-container\">\n\t\t\t\t\t\t\t\t\t\t\t\t\t\t\t<img loading=\"lazy\" decoding=\"async\" width=\"640\" height=\"360\" src=\"https:\/\/gasglad.se\/varmeteknik\/wp-content\/uploads\/2021\/06\/20181212_141328-1.jpg\" class=\"attachment-large size-large\" alt=\"\" \/>\t\t\t\t\t\t\t\t\t\t\t\t\t\t\t<\/div>\n\t\t\t\t<\/div>\n\t\t\t\t\t<\/div>\n\t\t<\/div>\n\t\t\t\t<div class=\"elementor-column elementor-col-50 elementor-top-column elementor-element elementor-element-079b1a6\" data-id=\"079b1a6\" data-element_type=\"column\">\n\t\t\t<div class=\"elementor-widget-wrap elementor-element-populated\">\n\t\t\t\t\t\t\t\t<div class=\"elementor-element elementor-element-72e9a03 elementor-widget elementor-widget-heading\" data-id=\"72e9a03\" data-element_type=\"widget\" data-widget_type=\"heading.default\">\n\t\t\t\t<div class=\"elementor-widget-container\">\n\t\t\t<h2 class=\"elementor-heading-title elementor-size-default\">Murspisar<\/h2>\t\t<\/div>\n\t\t\t\t<\/div>\n\t\t\t\t<div class=\"elementor-element elementor-element-3339c7b elementor-widget elementor-widget-text-editor\" data-id=\"3339c7b\" data-element_type=\"widget\" data-widget_type=\"text-editor.default\">\n\t\t\t\t<div class=\"elementor-widget-container\">\n\t\t\t\t\t\t\t\t<p><span style=\"font-family: Arial;\">F\u00f6r dig som inte redan har en \u00f6ppen spis finns det m\u00e5nga m\u00f6jligheter till snygg l\u00f6sning utan att det f\u00f6r den skull kostar en f\u00f6rm\u00f6genhet. Samtliga \u00e5terf\u00f6rs\u00e4ljare\/v\u00e4rmekonsulenter av Energikassetten kan ombes\u00f6rja en s\u00e5 kallad omramning till Energikassetten vilken muras p\u00e5 plats. Utseendet samr\u00e5der vi om s\u00e5 att det passar in i just din hemmilj\u00f6. P\u00e5 denna sida finner du n\u00e5gra av de olika varianter som \u00e4r m\u00f6jliga att forma p\u00e5 plats, allt fr\u00e5n stilrena klassiska modeller till individuella formgivningar. M\u00f6jligheten att f\u00e5 olika ytstrukturer finns ocks\u00e5, begr\u00e4nsningarna \u00e4r f\u00e5.<\/span><\/p>\t\t\t\t\t\t<\/div>\n\t\t\t\t<\/div>\n\t\t\t\t<div class=\"elementor-element elementor-element-e86e190 elementor-widget__width-initial elementor-widget elementor-widget-button\" data-id=\"e86e190\" data-element_type=\"widget\" data-widget_type=\"button.default\">\n\t\t\t\t<div class=\"elementor-widget-container\">\n\t\t\t\t\t<div class=\"elementor-button-wrapper\">\n\t\t\t<a href=\"https:\/\/gasglad.se\/varmeteknik\/murspisar\/\" class=\"elementor-button-link elementor-button elementor-size-sm\" role=\"button\">\n\t\t\t\t\t\t<span class=\"elementor-button-content-wrapper\">\n\t\t\t\t\t\t<span class=\"elementor-button-text\">L\u00e4s mer om murspisar<\/span>\n\t\t<\/span>\n\t\t\t\t\t<\/a>\n\t\t<\/div>\n\t\t\t\t<\/div>\n\t\t\t\t<\/div>\n\t\t\t\t\t<\/div>\n\t\t<\/div>\n\t\t\t\t\t\t\t<\/div>\n\t\t<\/section>\n\t\t\t\t\t\t<\/div>\n\t\t\t\t\t<\/div>\n\t\t","protected":false},"excerpt":{"rendered":"<p>Tj\u00e4nster Skortensinstallation och renovering Modul skorstenssystem \u00e4r ett prefabricerat, dubbelv\u00e4ggigt skorstenssystem med keramiskisolering.V\u00e5ra modulskorstenar best\u00e5r av rostfritt st\u00e5l och d\u00e4r yttermanteln \u00e4r vind- och vattenavvisande. Innermanteln motst\u00e5r de korrosiva \u00e4mnen som bildas vid f\u00f6rbr\u00e4nning. Den expanderar fritt vid temperaturv\u00e4xlingar oberoende av yttermanteln. Utrymmet p\u00e5 25 &amp; 50 mm mellan mantlarna \u00e4r fyllt med ett h\u00f6gkvalitativt [&hellip;]<\/p>\n","protected":false},"author":1,"featured_media":0,"parent":0,"menu_order":0,"comment_status":"closed","ping_status":"closed","template":"","meta":{"footnotes":""},"class_list":["post-44","page","type-page","status-publish","hentry"],"_links":{"self":[{"href":"https:\/\/gasglad.se\/varmeteknik\/wp-json\/wp\/v2\/pages\/44","targetHints":{"allow":["GET"]}}],"collection":[{"href":"https:\/\/gasglad.se\/varmeteknik\/wp-json\/wp\/v2\/pages"}],"about":[{"href":"https:\/\/gasglad.se\/varmeteknik\/wp-json\/wp\/v2\/types\/page"}],"author":[{"embeddable":true,"href":"https:\/\/gasglad.se\/varmeteknik\/wp-json\/wp\/v2\/users\/1"}],"replies":[{"embeddable":true,"href":"https:\/\/gasglad.se\/varmeteknik\/wp-json\/wp\/v2\/comments?post=44"}],"version-history":[{"count":25,"href":"https:\/\/gasglad.se\/varmeteknik\/wp-json\/wp\/v2\/pages\/44\/revisions"}],"predecessor-version":[{"id":163,"href":"https:\/\/gasglad.se\/varmeteknik\/wp-json\/wp\/v2\/pages\/44\/revisions\/163"}],"wp:attachment":[{"href":"https:\/\/gasglad.se\/varmeteknik\/wp-json\/wp\/v2\/media?parent=44"}],"curies":[{"name":"wp","href":"https:\/\/api.w.org\/{rel}","templated":true}]}}