{"id":53,"date":"2021-06-17T22:53:32","date_gmt":"2021-06-17T20:53:32","guid":{"rendered":"https:\/\/gasglad.se\/varmeteknik\/?page_id=53"},"modified":"2021-06-17T23:08:16","modified_gmt":"2021-06-17T21:08:16","slug":"skorstensinstallation","status":"publish","type":"page","link":"https:\/\/gasglad.se\/varmeteknik\/tjanster\/skorstensinstallation\/","title":{"rendered":"Skorstensinstallation"},"content":{"rendered":"\t\t<div data-elementor-type=\"wp-page\" data-elementor-id=\"53\" class=\"elementor elementor-53\" data-elementor-settings=\"[]\">\n\t\t\t\t\t\t\t<div class=\"elementor-section-wrap\">\n\t\t\t\t\t\t\t<section class=\"elementor-section elementor-top-section elementor-element elementor-element-affec51 elementor-section-boxed elementor-section-height-default elementor-section-height-default\" data-id=\"affec51\" data-element_type=\"section\">\n\t\t\t\t\t\t<div class=\"elementor-container elementor-column-gap-default\">\n\t\t\t\t\t<div class=\"elementor-column elementor-col-100 elementor-top-column elementor-element elementor-element-09f9dac\" data-id=\"09f9dac\" data-element_type=\"column\">\n\t\t\t<div class=\"elementor-widget-wrap elementor-element-populated\">\n\t\t\t\t\t\t\t\t<div class=\"elementor-element elementor-element-d8b83ff elementor-widget elementor-widget-heading\" data-id=\"d8b83ff\" data-element_type=\"widget\" data-widget_type=\"heading.default\">\n\t\t\t\t<div class=\"elementor-widget-container\">\n\t\t\t<h1 class=\"elementor-heading-title elementor-size-default\">Skortensinstallation<\/h1>\t\t<\/div>\n\t\t\t\t<\/div>\n\t\t\t\t\t<\/div>\n\t\t<\/div>\n\t\t\t\t\t\t\t<\/div>\n\t\t<\/section>\n\t\t\t\t<section class=\"elementor-section elementor-top-section elementor-element elementor-element-ae6c695 elementor-section-boxed elementor-section-height-default elementor-section-height-default\" data-id=\"ae6c695\" data-element_type=\"section\">\n\t\t\t\t\t\t<div class=\"elementor-container elementor-column-gap-default\">\n\t\t\t\t\t<div class=\"elementor-column elementor-col-100 elementor-top-column elementor-element elementor-element-d01b0c5\" data-id=\"d01b0c5\" data-element_type=\"column\">\n\t\t\t<div class=\"elementor-widget-wrap elementor-element-populated\">\n\t\t\t\t\t\t\t\t<div class=\"elementor-element elementor-element-d3d9fd8 elementor-widget elementor-widget-text-editor\" data-id=\"d3d9fd8\" data-element_type=\"widget\" data-widget_type=\"text-editor.default\">\n\t\t\t\t<div class=\"elementor-widget-container\">\n\t\t\t\t\t\t\t\t<p>Modul skorstenssystem \u00e4r ett prefabricerat, dubbelv\u00e4ggigt skorstenssystem med keramiskisolering.<br \/>V\u00e5ra modulskorstenar best\u00e5r av rostfritt st\u00e5l och d\u00e4r yttermanteln \u00e4r vind- och vattenavvisande.<\/p><p>Innermanteln motst\u00e5r de korrosiva \u00e4mnen som bildas vid f\u00f6rbr\u00e4nning. Den expanderar fritt vid temperaturv\u00e4xlingar oberoende av yttermanteln. Utrymmet p\u00e5 25 &amp; 50 mm mellan mantlarna \u00e4r fyllt med ett h\u00f6gkvalitativt keramiskt isoleringsmaterial.<\/p><p>Skorstenssystemet kan installeras b\u00e5de inv\u00e4ndigt och utv\u00e4ndigt dessutom \u00e4r det typgodk\u00e4nt f\u00f6r sidodragning . V\u00e5ra modulskorstenar \u00e4r provade och typgodk\u00e4nda f\u00f6r s\u00e5v\u00e4l inv\u00e4ndigt som utv\u00e4ndigt montage och f\u00f6r anslutning till villa- och industripannor, \u00f6ppna spisar och braskaminer.<\/p><p>Systemet ger maximal s\u00e4kerhet och l\u00f6ser dina skorstenbehov.<\/p>\t\t\t\t\t\t<\/div>\n\t\t\t\t<\/div>\n\t\t\t\t<div class=\"elementor-element elementor-element-35fa5c7 elementor-widget elementor-widget-text-editor\" data-id=\"35fa5c7\" data-element_type=\"widget\" data-widget_type=\"text-editor.default\">\n\t\t\t\t<div class=\"elementor-widget-container\">\n\t\t\t\t\t\t\t\t<p><strong>Pris 1500:-\/m + skorstens huv 3,500:-<\/strong><\/p>\t\t\t\t\t\t<\/div>\n\t\t\t\t<\/div>\n\t\t\t\t\t<\/div>\n\t\t<\/div>\n\t\t\t\t\t\t\t<\/div>\n\t\t<\/section>\n\t\t\t\t\t\t<\/div>\n\t\t\t\t\t<\/div>\n\t\t","protected":false},"excerpt":{"rendered":"<p>Skortensinstallation Modul skorstenssystem \u00e4r ett prefabricerat, dubbelv\u00e4ggigt skorstenssystem med keramiskisolering.V\u00e5ra modulskorstenar best\u00e5r av rostfritt st\u00e5l och d\u00e4r yttermanteln \u00e4r vind- och vattenavvisande. Innermanteln motst\u00e5r de korrosiva \u00e4mnen som bildas vid f\u00f6rbr\u00e4nning. Den expanderar fritt vid temperaturv\u00e4xlingar oberoende av yttermanteln. Utrymmet p\u00e5 25 &amp; 50 mm mellan mantlarna \u00e4r fyllt med ett h\u00f6gkvalitativt keramiskt isoleringsmaterial. Skorstenssystemet [&hellip;]<\/p>\n","protected":false},"author":1,"featured_media":0,"parent":44,"menu_order":0,"comment_status":"closed","ping_status":"closed","template":"","meta":{"footnotes":""},"class_list":["post-53","page","type-page","status-publish","hentry"],"_links":{"self":[{"href":"https:\/\/gasglad.se\/varmeteknik\/wp-json\/wp\/v2\/pages\/53","targetHints":{"allow":["GET"]}}],"collection":[{"href":"https:\/\/gasglad.se\/varmeteknik\/wp-json\/wp\/v2\/pages"}],"about":[{"href":"https:\/\/gasglad.se\/varmeteknik\/wp-json\/wp\/v2\/types\/page"}],"author":[{"embeddable":true,"href":"https:\/\/gasglad.se\/varmeteknik\/wp-json\/wp\/v2\/users\/1"}],"replies":[{"embeddable":true,"href":"https:\/\/gasglad.se\/varmeteknik\/wp-json\/wp\/v2\/comments?post=53"}],"version-history":[{"count":4,"href":"https:\/\/gasglad.se\/varmeteknik\/wp-json\/wp\/v2\/pages\/53\/revisions"}],"predecessor-version":[{"id":70,"href":"https:\/\/gasglad.se\/varmeteknik\/wp-json\/wp\/v2\/pages\/53\/revisions\/70"}],"up":[{"embeddable":true,"href":"https:\/\/gasglad.se\/varmeteknik\/wp-json\/wp\/v2\/pages\/44"}],"wp:attachment":[{"href":"https:\/\/gasglad.se\/varmeteknik\/wp-json\/wp\/v2\/media?parent=53"}],"curies":[{"name":"wp","href":"https:\/\/api.w.org\/{rel}","templated":true}]}}