{"id":71,"date":"2021-06-17T23:08:40","date_gmt":"2021-06-17T21:08:40","guid":{"rendered":"https:\/\/gasglad.se\/varmeteknik\/?page_id=71"},"modified":"2021-06-17T23:11:25","modified_gmt":"2021-06-17T21:11:25","slug":"skorstensrenovering","status":"publish","type":"page","link":"https:\/\/gasglad.se\/varmeteknik\/skorstensrenovering\/","title":{"rendered":"Skorstensrenovering"},"content":{"rendered":"\t\t<div data-elementor-type=\"wp-page\" data-elementor-id=\"71\" class=\"elementor elementor-71\" data-elementor-settings=\"[]\">\n\t\t\t\t\t\t\t<div class=\"elementor-section-wrap\">\n\t\t\t\t\t\t\t<section class=\"elementor-section elementor-top-section elementor-element elementor-element-dae4837 elementor-section-boxed elementor-section-height-default elementor-section-height-default\" data-id=\"dae4837\" data-element_type=\"section\">\n\t\t\t\t\t\t<div class=\"elementor-container elementor-column-gap-default\">\n\t\t\t\t\t<div class=\"elementor-column elementor-col-100 elementor-top-column elementor-element elementor-element-0262555\" data-id=\"0262555\" data-element_type=\"column\">\n\t\t\t<div class=\"elementor-widget-wrap elementor-element-populated\">\n\t\t\t\t\t\t\t\t<div class=\"elementor-element elementor-element-6843955 elementor-widget elementor-widget-heading\" data-id=\"6843955\" data-element_type=\"widget\" data-widget_type=\"heading.default\">\n\t\t\t\t<div class=\"elementor-widget-container\">\n\t\t\t<h1 class=\"elementor-heading-title elementor-size-default\">Skorstensrenovering<\/h1>\t\t<\/div>\n\t\t\t\t<\/div>\n\t\t\t\t\t<\/div>\n\t\t<\/div>\n\t\t\t\t\t\t\t<\/div>\n\t\t<\/section>\n\t\t\t\t<section class=\"elementor-section elementor-top-section elementor-element elementor-element-bb974ee elementor-section-boxed elementor-section-height-default elementor-section-height-default\" data-id=\"bb974ee\" data-element_type=\"section\">\n\t\t\t\t\t\t<div class=\"elementor-container elementor-column-gap-default\">\n\t\t\t\t\t<div class=\"elementor-column elementor-col-100 elementor-top-column elementor-element elementor-element-fa8f647\" data-id=\"fa8f647\" data-element_type=\"column\">\n\t\t\t<div class=\"elementor-widget-wrap elementor-element-populated\">\n\t\t\t\t\t\t\t\t<div class=\"elementor-element elementor-element-b240448 elementor-widget elementor-widget-text-editor\" data-id=\"b240448\" data-element_type=\"widget\" data-widget_type=\"text-editor.default\">\n\t\t\t\t<div class=\"elementor-widget-container\">\n\t\t\t\t\t\t\t\t<p>F\u00f6r dig som har skorsten som \u00e4r i behov av renovering beroende p\u00e5 hur skorstenen ser ut, s\u00e5 be alltid om en offert f\u00f6r ett korrekt pris.<\/p><p><strong>OBS vi ger alltid 10 \u00e5rs materialgaranti<\/strong>!<\/p><p>\u00a0<\/p><h3>Skorstensrenovering<\/h3><p>Gamla tegelstensskorstenar kan bli ot\u00e4ta med tiden. V\u00e4der och vind, kondens och frostspr\u00e4ngningar kan vara n\u00e5gra av orsakerna till att skorstenen b\u00f6rja l\u00e4cka. L\u00e4ckage kan ge upphov till r\u00f6klukt, d\u00e5ligt drag eller \u00f6kar risken f\u00f6r brand och koldioxidf\u00f6rgiftning.<br \/>Reparationsslang Inox-D f\u00f6r skorstenar. Dubbelmantlad, flexibel b\u00f6jlig insatskanal i rostfritt syrafast st\u00e5l av mycket h\u00f6g kvalitet f\u00f6r renovering av befintliga r\u00f6kkanaler. Insatsr\u00f6ren \u00e4r CE godk\u00e4nda och \u00e4r godk\u00e4nd som reparations\u00e5tg\u00e4rd i r\u00f6kkanaler f\u00f6r t.ex. braskaminer, \u00f6ppna spisar, kakelugnar, kassetter m.m.<br \/>Vid montering isoleras r\u00f6kkanalen med vermikulit. Sem flex \u00e4r \u00e4ven l\u00e4mplig som f\u00f6rbindelsekanal till t.ex. kassetter.<br \/><strong>Pris inkl.ROTavdrag fr\u00e5n 1,975:-\/m inkl.moms<\/strong><\/p><p>\u00a0<\/p><h3>T\u00e4tning med keramisk massa Thecnoseal f\u00f6r r\u00f6k och ventilationskanaler<\/h3><p>Materialet \u00e4r framtaget utifr\u00e5n marknadens h\u00f6gt st\u00e4llda krav p\u00e5 vidh\u00e4ftf\u00f6rm\u00e5ga och t\u00e4thet mot s\u00e5v\u00e4l syraangrepp som mekanisk \u00e5verkan.Materialsammans\u00e4ttning medf\u00f6r att man \u00e5terst\u00e4ller skorstenen i perfekt skick.Med Thecnoseal blir kanalen t\u00e4t och mycket slitstark, helt eldfast och med ett b\u00e4ttre drag f\u00f6r din eldstad.<br \/><strong><em>Pris inkl.ROTavdrag fr\u00e5n 1,500:-\/m inkl. moms<\/em><\/strong><\/p>\t\t\t\t\t\t<\/div>\n\t\t\t\t<\/div>\n\t\t\t\t\t<\/div>\n\t\t<\/div>\n\t\t\t\t\t\t\t<\/div>\n\t\t<\/section>\n\t\t\t\t\t\t<\/div>\n\t\t\t\t\t<\/div>\n\t\t","protected":false},"excerpt":{"rendered":"<p>Skorstensrenovering F\u00f6r dig som har skorsten som \u00e4r i behov av renovering beroende p\u00e5 hur skorstenen ser ut, s\u00e5 be alltid om en offert f\u00f6r ett korrekt pris. OBS vi ger alltid 10 \u00e5rs materialgaranti! \u00a0 Skorstensrenovering Gamla tegelstensskorstenar kan bli ot\u00e4ta med tiden. V\u00e4der och vind, kondens och frostspr\u00e4ngningar kan vara n\u00e5gra av orsakerna [&hellip;]<\/p>\n","protected":false},"author":1,"featured_media":0,"parent":0,"menu_order":0,"comment_status":"closed","ping_status":"closed","template":"","meta":{"footnotes":""},"class_list":["post-71","page","type-page","status-publish","hentry"],"_links":{"self":[{"href":"https:\/\/gasglad.se\/varmeteknik\/wp-json\/wp\/v2\/pages\/71","targetHints":{"allow":["GET"]}}],"collection":[{"href":"https:\/\/gasglad.se\/varmeteknik\/wp-json\/wp\/v2\/pages"}],"about":[{"href":"https:\/\/gasglad.se\/varmeteknik\/wp-json\/wp\/v2\/types\/page"}],"author":[{"embeddable":true,"href":"https:\/\/gasglad.se\/varmeteknik\/wp-json\/wp\/v2\/users\/1"}],"replies":[{"embeddable":true,"href":"https:\/\/gasglad.se\/varmeteknik\/wp-json\/wp\/v2\/comments?post=71"}],"version-history":[{"count":4,"href":"https:\/\/gasglad.se\/varmeteknik\/wp-json\/wp\/v2\/pages\/71\/revisions"}],"predecessor-version":[{"id":75,"href":"https:\/\/gasglad.se\/varmeteknik\/wp-json\/wp\/v2\/pages\/71\/revisions\/75"}],"wp:attachment":[{"href":"https:\/\/gasglad.se\/varmeteknik\/wp-json\/wp\/v2\/media?parent=71"}],"curies":[{"name":"wp","href":"https:\/\/api.w.org\/{rel}","templated":true}]}}